{"id":156,"date":"2021-06-10T15:34:51","date_gmt":"2021-06-10T15:34:51","guid":{"rendered":"https:\/\/hansen.co.at\/?page_id=156"},"modified":"2023-07-21T09:53:58","modified_gmt":"2023-07-21T09:53:58","slug":"speisekarte","status":"publish","type":"page","link":"https:\/\/hansen.co.at\/en\/speisekarte\/","title":{"rendered":"Menu"},"content":{"rendered":"\t\t<div data-elementor-type=\"wp-page\" data-elementor-id=\"156\" class=\"elementor elementor-156\" data-elementor-post-type=\"page\">\n\t\t\t\t\t\t<section class=\"elementor-section elementor-top-section elementor-element elementor-element-4f54c4c elementor-section-height-min-height elementor-section-items-top elementor-section-boxed elementor-section-height-default\" data-id=\"4f54c4c\" data-element_type=\"section\" data-e-type=\"section\" data-settings=\"{&quot;background_background&quot;:&quot;classic&quot;,&quot;jet_parallax_layout_list&quot;:[{&quot;jet_parallax_layout_image&quot;:{&quot;url&quot;:&quot;&quot;,&quot;id&quot;:&quot;&quot;,&quot;size&quot;:&quot;&quot;},&quot;_id&quot;:&quot;512bdd8&quot;,&quot;jet_parallax_layout_image_tablet&quot;:{&quot;url&quot;:&quot;&quot;,&quot;id&quot;:&quot;&quot;,&quot;size&quot;:&quot;&quot;},&quot;jet_parallax_layout_image_mobile&quot;:{&quot;url&quot;:&quot;&quot;,&quot;id&quot;:&quot;&quot;,&quot;size&quot;:&quot;&quot;},&quot;jet_parallax_layout_speed&quot;:{&quot;unit&quot;:&quot;%&quot;,&quot;size&quot;:50,&quot;sizes&quot;:[]},&quot;jet_parallax_layout_type&quot;:&quot;scroll&quot;,&quot;jet_parallax_layout_direction&quot;:&quot;1&quot;,&quot;jet_parallax_layout_fx_direction&quot;:null,&quot;jet_parallax_layout_z_index&quot;:&quot;&quot;,&quot;jet_parallax_layout_bg_x&quot;:50,&quot;jet_parallax_layout_bg_x_tablet&quot;:&quot;&quot;,&quot;jet_parallax_layout_bg_x_mobile&quot;:&quot;&quot;,&quot;jet_parallax_layout_bg_y&quot;:50,&quot;jet_parallax_layout_bg_y_tablet&quot;:&quot;&quot;,&quot;jet_parallax_layout_bg_y_mobile&quot;:&quot;&quot;,&quot;jet_parallax_layout_bg_size&quot;:&quot;auto&quot;,&quot;jet_parallax_layout_bg_size_tablet&quot;:&quot;&quot;,&quot;jet_parallax_layout_bg_size_mobile&quot;:&quot;&quot;,&quot;jet_parallax_layout_animation_prop&quot;:&quot;transform&quot;,&quot;jet_parallax_layout_on&quot;:[&quot;desktop&quot;,&quot;tablet&quot;]}]}\">\n\t\t\t\t\t\t<div class=\"elementor-container elementor-column-gap-default\">\n\t\t\t\t\t<div class=\"elementor-column elementor-col-100 elementor-top-column elementor-element elementor-element-95c2123\" data-id=\"95c2123\" data-element_type=\"column\" data-e-type=\"column\">\n\t\t\t<div class=\"elementor-widget-wrap elementor-element-populated\">\n\t\t\t\t\t\t<div class=\"elementor-element elementor-element-2174763 elementor-widget elementor-widget-heading\" data-id=\"2174763\" data-element_type=\"widget\" data-e-type=\"widget\" data-widget_type=\"heading.default\">\n\t\t\t\t<div class=\"elementor-widget-container\">\n\t\t\t\t\t<h2 class=\"elementor-heading-title elementor-size-default\">SPEISEKARTE<\/h2>\t\t\t\t<\/div>\n\t\t\t\t<\/div>\n\t\t\t\t<div class=\"elementor-element elementor-element-204b8e1 elementor-widget elementor-widget-jet-listing-dynamic-field\" data-id=\"204b8e1\" data-element_type=\"widget\" data-e-type=\"widget\" data-widget_type=\"jet-listing-dynamic-field.default\">\n\t\t\t\t<div class=\"elementor-widget-container\">\n\t\t\t\t\t<div class=\"jet-listing jet-listing-dynamic-field display-inline\"><div class=\"jet-listing-dynamic-field__inline-wrap\"><div class=\"jet-listing-dynamic-field__content\" ><p><strong>\u00a0 07. - 26. April 2026<\/strong><\/p>\n<\/div><\/div><\/div>\t\t\t\t<\/div>\n\t\t\t\t<\/div>\n\t\t\t\t<div class=\"elementor-element elementor-element-c04853a elementor-widget elementor-widget-text-editor\" data-id=\"c04853a\" data-element_type=\"widget\" data-e-type=\"widget\" data-widget_type=\"text-editor.default\">\n\t\t\t\t<div class=\"elementor-widget-container\">\n\t\t\t\t\t\t\t\t\t<p>Marktpotpourri<\/p>\t\t\t\t\t\t\t\t<\/div>\n\t\t\t\t<\/div>\n\t\t\t\t<div class=\"elementor-element elementor-element-4461d81 elementor-widget elementor-widget-jet-listing-dynamic-field\" data-id=\"4461d81\" data-element_type=\"widget\" data-e-type=\"widget\" data-widget_type=\"jet-listing-dynamic-field.default\">\n\t\t\t\t<div class=\"elementor-widget-container\">\n\t\t\t\t\t<div class=\"jet-listing jet-listing-dynamic-field display-inline\"><div class=\"jet-listing-dynamic-field__inline-wrap\"><div class=\"jet-listing-dynamic-field__content\" ><p style=\"font-weight: 400\">\u201ePan do Mar\u201c <strong>Wildfang-Sardellenfilets<\/strong> (Spanien) mit Butterbrot 11<br \/>\n<strong>Prosciutto<\/strong> vom Duroc-Schwein (\u00d6sterreich) mit mediterranem Gem\u00fcse 14<br \/>\nSizilianische <strong>Kr\u00e4uteroliven<\/strong> 4<br \/>\n<strong>Orientalischer Teller <\/strong>mit Hummus, Falafel, Oliven, Paprikadipp vegan \u00a011<\/p>\n<\/div><\/div><\/div>\t\t\t\t<\/div>\n\t\t\t\t<\/div>\n\t\t\t\t<div class=\"elementor-element elementor-element-7e75c3e elementor-widget elementor-widget-text-editor\" data-id=\"7e75c3e\" data-element_type=\"widget\" data-e-type=\"widget\" data-widget_type=\"text-editor.default\">\n\t\t\t\t<div class=\"elementor-widget-container\">\n\t\t\t\t\t\t\t\t\t<p>Vorspeisen + SUPPEN<\/p>\t\t\t\t\t\t\t\t<\/div>\n\t\t\t\t<\/div>\n\t\t\t\t<div class=\"elementor-element elementor-element-ca820b4 elementor-widget elementor-widget-jet-listing-dynamic-field\" data-id=\"ca820b4\" data-element_type=\"widget\" data-e-type=\"widget\" data-widget_type=\"jet-listing-dynamic-field.default\">\n\t\t\t\t<div class=\"elementor-widget-container\">\n\t\t\t\t\t<div class=\"jet-listing jet-listing-dynamic-field display-inline\"><div class=\"jet-listing-dynamic-field__inline-wrap\"><div class=\"jet-listing-dynamic-field__content\" ><p><strong>Blattsalat <\/strong>mit geschmortem Paprika, Taggiasca-Oliven und Sonnenblumenkernen 13<br \/>\n\u2026 und mit gebackenem Steirerhuhn \u00a018<br \/>\n\u2026 und mit roten Wildfanggarnelen (Atlantik\/3 Stk.)\u00a0 21<br \/>\n\u2026 und mit gefl\u00e4mmtem Ziegenk\u00e4se veg\u00a0 17<br \/>\n<strong>Gebratene BIO-H\u00fchnerleber <\/strong>mit Tr\u00fcffelpolenta und Fr\u00fchlingspinat \u00a019<br \/>\n<strong>Lauwarmer gr\u00fcner und wei\u00dfer Spargel <\/strong>mit Eiervinaigrette und Vogelmiere\u00a0 18<br \/>\n<strong>Rote Linsensuppe <\/strong>mit Erbsenschoten und Chili\u00f6l veg \u00a07\/9<br \/>\n<strong>Rindssuppe<\/strong> mit Steinpilzravioli und Dottercreme \u00a08\/10<\/p>\n<\/div><\/div><\/div>\t\t\t\t<\/div>\n\t\t\t\t<\/div>\n\t\t\t\t<div class=\"elementor-element elementor-element-99c309f elementor-widget elementor-widget-text-editor\" data-id=\"99c309f\" data-element_type=\"widget\" data-e-type=\"widget\" data-widget_type=\"text-editor.default\">\n\t\t\t\t<div class=\"elementor-widget-container\">\n\t\t\t\t\t\t\t\t\t<p>Pasta und Risotti<\/p>\t\t\t\t\t\t\t\t<\/div>\n\t\t\t\t<\/div>\n\t\t\t\t<div class=\"elementor-element elementor-element-cb47308 elementor-widget elementor-widget-jet-listing-dynamic-field\" data-id=\"cb47308\" data-element_type=\"widget\" data-e-type=\"widget\" data-widget_type=\"jet-listing-dynamic-field.default\">\n\t\t\t\t<div class=\"elementor-widget-container\">\n\t\t\t\t\t<div class=\"jet-listing jet-listing-dynamic-field display-inline\"><div class=\"jet-listing-dynamic-field__inline-wrap\"><div class=\"jet-listing-dynamic-field__content\" ><p><strong>Pasta &amp; Risotti &amp; Specials vom 20. bis 25. April 2026<\/strong><\/p>\n<p><strong><strong class=\"svelte-x57wqa\"><span class=\"svelte-x57wqa\">Tagliatelle <\/span><\/strong><\/strong>mit gebratenem Spargel, Basilikumpesto und Mandeln 17\/20<\/p>\n<p><strong>Linoni-Risotto <\/strong>mit Kohlrabi, Dill und Graved Lachs 17\/20<\/p>\n<p><strong>Bio-Kalbsbeuschel<\/strong> mit Topfen-Serviettenkn\u00f6del 23<\/p>\n<p><b>Tagesrisotto <\/b>nach Marktangebot!<\/p>\n<p>(Bitte um Anruf in der K\u00fcche! (01\/5320542 )<\/p>\n<\/div><\/div><\/div>\t\t\t\t<\/div>\n\t\t\t\t<\/div>\n\t\t\t\t<div class=\"elementor-element elementor-element-8f38ea7 elementor-widget elementor-widget-text-editor\" data-id=\"8f38ea7\" data-element_type=\"widget\" data-e-type=\"widget\" data-widget_type=\"text-editor.default\">\n\t\t\t\t<div class=\"elementor-widget-container\">\n\t\t\t\t\t\t\t\t\t<p>FISCH + FLEISCH + VEGAN<\/p>\t\t\t\t\t\t\t\t<\/div>\n\t\t\t\t<\/div>\n\t\t\t\t<div class=\"elementor-element elementor-element-dc6e9a6 elementor-widget elementor-widget-jet-listing-dynamic-field\" data-id=\"dc6e9a6\" data-element_type=\"widget\" data-e-type=\"widget\" data-widget_type=\"jet-listing-dynamic-field.default\">\n\t\t\t\t<div class=\"elementor-widget-container\">\n\t\t\t\t\t<div class=\"jet-listing jet-listing-dynamic-field display-inline\"><div class=\"jet-listing-dynamic-field__inline-wrap\"><div class=\"jet-listing-dynamic-field__content\" ><p><strong>Goldbrassenfilet <\/strong>(Kroatien) mit Fr\u00fchlingsgem\u00fcse-Erd\u00e4pfelgr\u00f6stl \u00a036<br \/>\nIm Ganzen gebratener <strong>Freiner-Biosaibling <\/strong>(ca. 300 g) mit Petersilerd\u00e4pfeln<br \/>\nund kleinem gr\u00fcnen Salat \u00a0\u00a0Preis per 10 g\/\u20ac 1<br \/>\n<strong>Fish &amp; Chips<\/strong> (Wildfang Kabeljau Norwegen) mit Erbsencreme und Sauce Tatare\u00a0 25<br \/>\n<strong>Vegane Spinatkn\u00f6del<\/strong> mit Paradeisersauce vegan \u00a019<br \/>\n<strong>Geschmortes BIO-Schwein<\/strong> (Backerl und Bauch) mit Spitzkraut und Grie\u00dfkn\u00f6derl\u00a0 28<br \/>\n<strong>Gebratene Beiried <\/strong>(Waldviertler Kalbin) 36 oder <strong>Steirerhuhn Supreme<\/strong> \u00a026<br \/>\n\u2026 mit S\u00fc\u00dfkartoffelcreme, Erdnussbutter-Miso-Melanzani und Pimientos de Padron<br \/>\n\u2026 dazu ein Blattsalat als Beilage\u00a0\u00a0 5<\/p>\n<\/div><\/div><\/div>\t\t\t\t<\/div>\n\t\t\t\t<\/div>\n\t\t\t\t<div class=\"elementor-element elementor-element-ec5de15 elementor-widget elementor-widget-text-editor\" data-id=\"ec5de15\" data-element_type=\"widget\" data-e-type=\"widget\" data-widget_type=\"text-editor.default\">\n\t\t\t\t<div class=\"elementor-widget-container\">\n\t\t\t\t\t\t\t\t\t<p>Desserts<\/p>\t\t\t\t\t\t\t\t<\/div>\n\t\t\t\t<\/div>\n\t\t\t\t<div class=\"elementor-element elementor-element-d688a11 elementor-widget elementor-widget-jet-listing-dynamic-field\" data-id=\"d688a11\" data-element_type=\"widget\" data-e-type=\"widget\" data-widget_type=\"jet-listing-dynamic-field.default\">\n\t\t\t\t<div class=\"elementor-widget-container\">\n\t\t\t\t\t<div class=\"jet-listing jet-listing-dynamic-field display-inline\"><div class=\"jet-listing-dynamic-field__inline-wrap\"><div class=\"jet-listing-dynamic-field__content\" ><p><strong>Topfen-Nougatkn\u00f6derl<\/strong> mit Butterbr\u00f6seln und Zwetschkenr\u00f6ster \u00a014<br \/>\n<strong>Passionsfrucht-Cr\u00e8me Brul\u00e9e<\/strong> \u00a0\u00a011<br \/>\n<strong>Zartbitter-Schokomousse <\/strong>mit Rhabarber und Pistazien 10<br \/>\n<strong>Affogato al Caff\u00e8 <\/strong>(Espresso mit Vanilleeis) 7<br \/>\n<strong>Zitronen- oder Fruchtsorbet <\/strong>(nach Tagesangebot) mit Prosecco\u00a0\u00a0 8<br \/>\nKuchen von der Vitrine nach Tagesangebot<br \/>\n<strong>K\u00e4sevariation<\/strong> mit Bergk\u00e4se, Rotem Camembert (K\u00e4serebellen)<br \/>\nund Pecorino mit Tr\u00fcffelhonig \u00a0\u00a012<\/p>\n<\/div><\/div><\/div>\t\t\t\t<\/div>\n\t\t\t\t<\/div>\n\t\t\t\t<div class=\"elementor-element elementor-element-25cc724 elementor-widget-divider--view-line elementor-widget elementor-widget-divider\" data-id=\"25cc724\" data-element_type=\"widget\" data-e-type=\"widget\" data-widget_type=\"divider.default\">\n\t\t\t\t<div class=\"elementor-widget-container\">\n\t\t\t\t\t\t\t<div class=\"elementor-divider\">\n\t\t\t<span class=\"elementor-divider-separator\">\n\t\t\t\t\t\t<\/span>\n\t\t<\/div>\n\t\t\t\t\t\t<\/div>\n\t\t\t\t<\/div>\n\t\t\t\t<div class=\"elementor-element elementor-element-5a10573 elementor-widget elementor-widget-jet-listing-dynamic-field\" data-id=\"5a10573\" data-element_type=\"widget\" data-e-type=\"widget\" data-widget_type=\"jet-listing-dynamic-field.default\">\n\t\t\t\t<div class=\"elementor-widget-container\">\n\t\t\t\t\t<div class=\"jet-listing jet-listing-dynamic-field display-inline\"><div class=\"jet-listing-dynamic-field__inline-wrap\"><div class=\"jet-listing-dynamic-field__content\" ><p>Gedeck mit Natursauerteigbrot (B\u00e4ckerei Steiner, Tulln),<br \/>\nMaldon Salz und Fudas-Oliven\u00f6l: 1,90<br \/>\nStoffgedeck (auf Wunsch): 2,50, Erweitertes Abendgedeck: 3,80<\/p>\n<p>Wir servieren einige unserer Speisen als kleine\/normale Portion. Preise in Euro inkl. Steuern<br \/>\n<b>RisottoBox<\/b><b> in unserer Hansen-K\u00fcche \u2013 Kleines Risotto + Salat + Dessert\u00a0 \u20ac 13<\/b><span class=\"Apple-converted-space\"><br \/>\n<\/span><b>Alle Speisen auch als Take Away!<\/b><\/p>\n<p><i>Sofern nicht anders angegeben, stammen <\/i><b><i>alle<\/i><\/b><i> Fleisch- und Fischprodukte aus \u00d6sterreich!<span class=\"Apple-converted-space\"><br \/>\n<\/span><\/i>Gem\u00e4\u00df Allergeninformationsverordnung bitten wir Sie bei Informationsbedarf um Ihre R\u00fccksprache.<\/p>\n<\/div><\/div><\/div>\t\t\t\t<\/div>\n\t\t\t\t<\/div>\n\t\t\t\t\t<\/div>\n\t\t<\/div>\n\t\t\t\t\t<\/div>\n\t\t<\/section>\n\t\t\t\t<\/div>\n\t\t","protected":false},"excerpt":{"rendered":"<p>SPEISEKARTE Speisekarte 1. &#8211; 19. August 2023 Marktpotpourri \u201ePan do Mar\u201c Wildfang-Sardellenfilets (Spanien) mit Butterbrot 11 Prosciutto vom Duroc-Schwein (\u00d6sterreich) mit mediterranem Gem\u00fcse 14 Sizilianische Kr\u00e4uteroliven 4 Fish &amp; Chips (Kabeljau D\u00e4nemark) mit Erbsencreme und Sauce Tatare\u00a0 19 Orientalischer Teller mit Hummus, Falafel, Oliven, Paprikadipp vegan \u00a010 Vorspeisen + SUPPEN Blattsalat mit geschmortem Pfirsich, Paprika [&hellip;]<\/p>\n","protected":false},"author":1,"featured_media":0,"parent":0,"menu_order":0,"comment_status":"closed","ping_status":"closed","template":"elementor_header_footer","meta":{"footnotes":""},"class_list":["post-156","page","type-page","status-publish","hentry"],"_links":{"self":[{"href":"https:\/\/hansen.co.at\/en\/wp-json\/wp\/v2\/pages\/156","targetHints":{"allow":["GET"]}}],"collection":[{"href":"https:\/\/hansen.co.at\/en\/wp-json\/wp\/v2\/pages"}],"about":[{"href":"https:\/\/hansen.co.at\/en\/wp-json\/wp\/v2\/types\/page"}],"author":[{"embeddable":true,"href":"https:\/\/hansen.co.at\/en\/wp-json\/wp\/v2\/users\/1"}],"replies":[{"embeddable":true,"href":"https:\/\/hansen.co.at\/en\/wp-json\/wp\/v2\/comments?post=156"}],"version-history":[{"count":78,"href":"https:\/\/hansen.co.at\/en\/wp-json\/wp\/v2\/pages\/156\/revisions"}],"predecessor-version":[{"id":1228,"href":"https:\/\/hansen.co.at\/en\/wp-json\/wp\/v2\/pages\/156\/revisions\/1228"}],"wp:attachment":[{"href":"https:\/\/hansen.co.at\/en\/wp-json\/wp\/v2\/media?parent=156"}],"curies":[{"name":"wp","href":"https:\/\/api.w.org\/{rel}","templated":true}]}}