{"id":729,"date":"2021-09-27T06:50:42","date_gmt":"2021-09-27T06:50:42","guid":{"rendered":"https:\/\/hansen.co.at\/?page_id=729"},"modified":"2022-01-14T14:13:31","modified_gmt":"2022-01-14T14:13:31","slug":"fruehstueck","status":"publish","type":"page","link":"https:\/\/hansen.co.at\/en\/fruehstueck\/","title":{"rendered":"Breakfast"},"content":{"rendered":"\t\t<div data-elementor-type=\"wp-page\" data-elementor-id=\"729\" class=\"elementor elementor-729\" data-elementor-post-type=\"page\">\n\t\t\t\t\t\t<section class=\"elementor-section elementor-top-section elementor-element elementor-element-42706886 elementor-section-height-min-height elementor-section-items-top elementor-section-boxed elementor-section-height-default\" data-id=\"42706886\" data-element_type=\"section\" data-e-type=\"section\" data-settings=\"{&quot;background_background&quot;:&quot;classic&quot;,&quot;jet_parallax_layout_list&quot;:[{&quot;jet_parallax_layout_image&quot;:{&quot;url&quot;:&quot;&quot;,&quot;id&quot;:&quot;&quot;,&quot;size&quot;:&quot;&quot;},&quot;_id&quot;:&quot;512bdd8&quot;,&quot;jet_parallax_layout_image_tablet&quot;:{&quot;url&quot;:&quot;&quot;,&quot;id&quot;:&quot;&quot;,&quot;size&quot;:&quot;&quot;},&quot;jet_parallax_layout_image_mobile&quot;:{&quot;url&quot;:&quot;&quot;,&quot;id&quot;:&quot;&quot;,&quot;size&quot;:&quot;&quot;},&quot;jet_parallax_layout_speed&quot;:{&quot;unit&quot;:&quot;%&quot;,&quot;size&quot;:50,&quot;sizes&quot;:[]},&quot;jet_parallax_layout_type&quot;:&quot;scroll&quot;,&quot;jet_parallax_layout_direction&quot;:&quot;1&quot;,&quot;jet_parallax_layout_fx_direction&quot;:null,&quot;jet_parallax_layout_z_index&quot;:&quot;&quot;,&quot;jet_parallax_layout_bg_x&quot;:50,&quot;jet_parallax_layout_bg_x_tablet&quot;:&quot;&quot;,&quot;jet_parallax_layout_bg_x_mobile&quot;:&quot;&quot;,&quot;jet_parallax_layout_bg_y&quot;:50,&quot;jet_parallax_layout_bg_y_tablet&quot;:&quot;&quot;,&quot;jet_parallax_layout_bg_y_mobile&quot;:&quot;&quot;,&quot;jet_parallax_layout_bg_size&quot;:&quot;auto&quot;,&quot;jet_parallax_layout_bg_size_tablet&quot;:&quot;&quot;,&quot;jet_parallax_layout_bg_size_mobile&quot;:&quot;&quot;,&quot;jet_parallax_layout_animation_prop&quot;:&quot;transform&quot;,&quot;jet_parallax_layout_on&quot;:[&quot;desktop&quot;,&quot;tablet&quot;]}]}\">\n\t\t\t\t\t\t<div class=\"elementor-container elementor-column-gap-default\">\n\t\t\t\t\t<div class=\"elementor-column elementor-col-100 elementor-top-column elementor-element elementor-element-4caf4e90\" data-id=\"4caf4e90\" data-element_type=\"column\" data-e-type=\"column\">\n\t\t\t<div class=\"elementor-widget-wrap elementor-element-populated\">\n\t\t\t\t\t\t<div class=\"elementor-element elementor-element-2332c9c3 elementor-widget elementor-widget-heading\" data-id=\"2332c9c3\" data-element_type=\"widget\" data-e-type=\"widget\" data-widget_type=\"heading.default\">\n\t\t\t\t<div class=\"elementor-widget-container\">\n\t\t\t\t\t<h2 class=\"elementor-heading-title elementor-size-default\">FR\u00dcHST\u00dcCK<\/h2>\t\t\t\t<\/div>\n\t\t\t\t<\/div>\n\t\t\t\t<div class=\"elementor-element elementor-element-c3c79a7 elementor-widget elementor-widget-text-editor\" data-id=\"c3c79a7\" data-element_type=\"widget\" data-e-type=\"widget\" data-widget_type=\"text-editor.default\">\n\t\t\t\t<div class=\"elementor-widget-container\">\n\t\t\t\t\t\t\t\t\t<p>Klassisches<\/p>\t\t\t\t\t\t\t\t<\/div>\n\t\t\t\t<\/div>\n\t\t\t\t<div class=\"elementor-element elementor-element-75bb15a7 elementor-widget elementor-widget-jet-listing-dynamic-field\" data-id=\"75bb15a7\" data-element_type=\"widget\" data-e-type=\"widget\" data-widget_type=\"jet-listing-dynamic-field.default\">\n\t\t\t\t<div class=\"elementor-widget-container\">\n\t\t\t\t\t<div class=\"jet-listing jet-listing-dynamic-field display-inline\"><div class=\"jet-listing-dynamic-field__inline-wrap\"><div class=\"jet-listing-dynamic-field__content\" ><p>Handsemmel<span class=\"Apple-converted-space\">\u00a0 <\/span>2,60 | Kornspitz<span class=\"Apple-converted-space\">\u00a0 <\/span>2,80 | Gemischter Brotkorb\/Person<span class=\"Apple-converted-space\">\u00a0 3<\/span><br \/>\nButterbrot<span class=\"Apple-converted-space\">\u00a0 3<\/span>\u00a0| Butterbrot mit frischer Kresse<span class=\"Apple-converted-space\">\u00a0 <\/span>3,80 | Schnittlauchbrot<span class=\"Apple-converted-space\">\u00a0 <\/span>3,80<br \/>\nStaud\u00b4s Marmelade<span class=\"Apple-converted-space\">\u00a0 2<\/span>\u00a0| Honig<span class=\"Apple-converted-space\">\u00a0 <\/span>2 | Portion Bio-Butter<span class=\"Apple-converted-space\">\u00a0 <\/span>1,80<\/p>\n<\/div><\/div><\/div>\t\t\t\t<\/div>\n\t\t\t\t<\/div>\n\t\t\t\t<div class=\"elementor-element elementor-element-4d3868d7 elementor-widget elementor-widget-text-editor\" data-id=\"4d3868d7\" data-element_type=\"widget\" data-e-type=\"widget\" data-widget_type=\"text-editor.default\">\n\t\t\t\t<div class=\"elementor-widget-container\">\n\t\t\t\t\t\t\t\t\t<p>Eiergerichte<\/p>\t\t\t\t\t\t\t\t<\/div>\n\t\t\t\t<\/div>\n\t\t\t\t<div class=\"elementor-element elementor-element-6a403cfd elementor-widget elementor-widget-jet-listing-dynamic-field\" data-id=\"6a403cfd\" data-element_type=\"widget\" data-e-type=\"widget\" data-widget_type=\"jet-listing-dynamic-field.default\">\n\t\t\t\t<div class=\"elementor-widget-container\">\n\t\t\t\t\t<div class=\"jet-listing jet-listing-dynamic-field display-inline\"><div class=\"jet-listing-dynamic-field__inline-wrap\"><div class=\"jet-listing-dynamic-field__content\" ><p>Alle Eiergerichte mit BIO-Ei vom Haglerhof aus Wallsee<br \/>\nWeiches Ei<span class=\"Apple-converted-space\">\u00a0 <\/span>2,50 | 2 Spiegeleier<span class=\"Apple-converted-space\">\u00a0 5<\/span>\u00a0| 2 Eier im Glas<span class=\"Apple-converted-space\">\u00a0 5<\/span><br \/>\nEierspeise von 3 Eiern mit K\u00fcrbiskern\u00f6l<span class=\"Apple-converted-space\">\u00a0 <\/span>7<br \/>\nTr\u00fcffeleierspeise von 3 Eiern (mit schwarzem Tr\u00fcffel)<span class=\"Apple-converted-space\">\u00a0 12<\/span><br \/>\nEierspeise von 3 Eiern mit getrockneten Paradeisern und Grana<span class=\"Apple-converted-space\">\u00a0 <\/span>8,50<br \/>\nHansen\u00b4s \u201eFr\u00fchst\u00fccksburger\u201c mit Speck, Spiegelei und Cocktailsauce<span class=\"Apple-converted-space\">\u00a0 <\/span>9<br \/>\nEierspeisbrot (2 Eier) mit K\u00fcrbiskern\u00f6l<span class=\"Apple-converted-space\">\u00a0 7<\/span><span class=\"Apple-converted-space\"><br \/>\n<\/span>Ham and Eggs mit Beinschinken<span class=\"Apple-converted-space\">\u00a0 10<\/span>\u00a0| Bacon and Eggs<span class=\"Apple-converted-space\">\u00a0 10<\/span><\/p>\n<\/div><\/div><\/div>\t\t\t\t<\/div>\n\t\t\t\t<\/div>\n\t\t\t\t<div class=\"elementor-element elementor-element-c229f35 elementor-widget elementor-widget-text-editor\" data-id=\"c229f35\" data-element_type=\"widget\" data-e-type=\"widget\" data-widget_type=\"text-editor.default\">\n\t\t\t\t<div class=\"elementor-widget-container\">\n\t\t\t\t\t\t\t\t\t<p>Aus aller Welt<\/p>\t\t\t\t\t\t\t\t<\/div>\n\t\t\t\t<\/div>\n\t\t\t\t<div class=\"elementor-element elementor-element-1c30fb05 elementor-widget elementor-widget-jet-listing-dynamic-field\" data-id=\"1c30fb05\" data-element_type=\"widget\" data-e-type=\"widget\" data-widget_type=\"jet-listing-dynamic-field.default\">\n\t\t\t\t<div class=\"elementor-widget-container\">\n\t\t\t\t\t<div class=\"jet-listing jet-listing-dynamic-field display-inline\"><div class=\"jet-listing-dynamic-field__inline-wrap\"><div class=\"jet-listing-dynamic-field__content\" ><p>Knuspriger Speck mit Rosmarin<span class=\"Apple-converted-space\">\u00a0 6,50<\/span><br \/>\nKleine Portion hausgebeizter Gravedlachs (Norwegen) mit Cr\u00e8me Fra\u00eeche<span class=\"Apple-converted-space\">\u00a0 10<\/span><br \/>\nGemischter K\u00e4seteller (Emmentaler, Alpk\u00e4se, roter Weichk\u00e4se, Frischk\u00e4se)<span class=\"Apple-converted-space\">\u00a0 <\/span>14<br \/>\nGemischter Schinkenteller (Beinschinken und Prosciutto)<span class=\"Apple-converted-space\">\u00a0 <\/span>15<br \/>\nProsciuttoteller vom Durocschwein<span class=\"Apple-converted-space\">\u00a0 <\/span>15<span class=\"Apple-converted-space\"><br \/>\n<\/span>\u201ePan do Mar\u201c Wildfang-Sardellenfilets (Spanien) mit Butterbrot<span class=\"Apple-converted-space\">\u00a0 <\/span>11<span class=\"Apple-converted-space\">\u00a0<\/span><\/p>\n<\/div><\/div><\/div>\t\t\t\t<\/div>\n\t\t\t\t<\/div>\n\t\t\t\t<div class=\"elementor-element elementor-element-33994ba7 elementor-widget elementor-widget-text-editor\" data-id=\"33994ba7\" data-element_type=\"widget\" data-e-type=\"widget\" data-widget_type=\"text-editor.default\">\n\t\t\t\t<div class=\"elementor-widget-container\">\n\t\t\t\t\t\t\t\t\t<p>Vitales &amp; S\u00fcsses<\/p>\t\t\t\t\t\t\t\t<\/div>\n\t\t\t\t<\/div>\n\t\t\t\t<div class=\"elementor-element elementor-element-64421ec4 elementor-widget elementor-widget-jet-listing-dynamic-field\" data-id=\"64421ec4\" data-element_type=\"widget\" data-e-type=\"widget\" data-widget_type=\"jet-listing-dynamic-field.default\">\n\t\t\t\t<div class=\"elementor-widget-container\">\n\t\t\t\t\t<div class=\"jet-listing jet-listing-dynamic-field display-inline\"><div class=\"jet-listing-dynamic-field__inline-wrap\"><div class=\"jet-listing-dynamic-field__content\" ><p>Joghurt mit hausgemachtem Granola und Fr\u00fcchten<span class=\"Apple-converted-space\">\u00a0 <\/span>6,50<br \/>\nVanilleporridge mit Beerenragout (vegan, laktosefrei)<span class=\"Apple-converted-space\">\u00a0 6,50<\/span><br \/>\nGrie\u00dfkoch mit Zimt und Zucker<span class=\"Apple-converted-space\">\u00a0 6<\/span><br \/>\nFrenchtoast mit Ahornsirup<span class=\"Apple-converted-space\">\u00a0 7,50<\/span><br \/>\n<strong>Kuchen aus unserer Vitrine solange der Vorrat reicht!<\/strong><\/p>\n<\/div><\/div><\/div>\t\t\t\t<\/div>\n\t\t\t\t<\/div>\n\t\t\t\t<div class=\"elementor-element elementor-element-b141eaf elementor-widget elementor-widget-text-editor\" data-id=\"b141eaf\" data-element_type=\"widget\" data-e-type=\"widget\" data-widget_type=\"text-editor.default\">\n\t\t\t\t<div class=\"elementor-widget-container\">\n\t\t\t\t\t\t\t\t\t<p>Packages<\/p>\t\t\t\t\t\t\t\t<\/div>\n\t\t\t\t<\/div>\n\t\t\t\t<div class=\"elementor-element elementor-element-0f1e2ab elementor-widget elementor-widget-jet-listing-dynamic-field\" data-id=\"0f1e2ab\" data-element_type=\"widget\" data-e-type=\"widget\" data-widget_type=\"jet-listing-dynamic-field.default\">\n\t\t\t\t<div class=\"elementor-widget-container\">\n\t\t\t\t\t<div class=\"jet-listing jet-listing-dynamic-field display-inline\"><div class=\"jet-listing-dynamic-field__inline-wrap\"><div class=\"jet-listing-dynamic-field__content\" ><p><strong>Klassisch<br \/>\n<\/strong>1 weiches Bio-Ei, Bio-Butter, Schinken\/K\u00e4se, Brot<span class=\"Apple-converted-space\">\u00a0 <\/span>14<\/p>\n<p><strong>Mediterran<br \/>\n<\/strong>Prosciutto vom Duroc-Schwein, Oliven, Eierspeise mit Tomaten\/Grana, Brot<span class=\"Apple-converted-space\">\u00a0 <\/span>15<\/p>\n<p><strong>Orientalisch (vegan<\/strong>)<br \/>\nHummus, Oliven, Paprikadipp, Pitabrot, Kokos-Joghurt mit Datteln und N\u00fcssen<span class=\"Apple-converted-space\">\u00a0 <\/span>13<\/p>\n<p><strong>Norwegisch<\/strong><br \/>\nHausgebeizter Graved Lachs (Norwegen), Frischk\u00e4se, Bio-Butter, Brot,<br \/>\nhartgekochtes Bio-Ei, marinierte rote R\u00fcben, Heidelbeermarmelade 16 <span class=\"Apple-converted-space\">\u00a0<\/span><\/p>\n<\/div><\/div><\/div>\t\t\t\t<\/div>\n\t\t\t\t<\/div>\n\t\t\t\t<div class=\"elementor-element elementor-element-cba073b elementor-widget elementor-widget-text-editor\" data-id=\"cba073b\" data-element_type=\"widget\" data-e-type=\"widget\" data-widget_type=\"text-editor.default\">\n\t\t\t\t<div class=\"elementor-widget-container\">\n\t\t\t\t\t\t\t\t\t<p>Breakfast<\/p>\t\t\t\t\t\t\t\t<\/div>\n\t\t\t\t<\/div>\n\t\t\t\t<div class=\"elementor-element elementor-element-bc073d0 elementor-widget elementor-widget-text-editor\" data-id=\"bc073d0\" data-element_type=\"widget\" data-e-type=\"widget\" data-widget_type=\"text-editor.default\">\n\t\t\t\t<div class=\"elementor-widget-container\">\n\t\t\t\t\t\t\t\t\t<p>Specials<\/p>\t\t\t\t\t\t\t\t<\/div>\n\t\t\t\t<\/div>\n\t\t\t\t<div class=\"elementor-element elementor-element-d513c9e elementor-widget elementor-widget-jet-listing-dynamic-field\" data-id=\"d513c9e\" data-element_type=\"widget\" data-e-type=\"widget\" data-widget_type=\"jet-listing-dynamic-field.default\">\n\t\t\t\t<div class=\"elementor-widget-container\">\n\t\t\t\t\t<div class=\"jet-listing jet-listing-dynamic-field display-inline\"><div class=\"jet-listing-dynamic-field__inline-wrap\"><div class=\"jet-listing-dynamic-field__content\" ><p>Nur am Samstag und so lange der Vorrat reicht!<\/p>\n<p>Ofenfrisches <strong>Croissant<\/strong>\u00a0 2,80<\/p>\n<p><strong>Weissw\u00fcrstel<\/strong><br \/>\nHausmachersenf, Laugengeb\u00e4ck\u00a0 10<\/p>\n<p><strong>Eggs Benedict<\/strong><br \/>\nBrioche, Speck, Blattspinat, Sauce Hollandaise (VEG mit Pilzen!)\u00a0 16<\/p>\n<p><strong>Sauerteig-Sandwich<\/strong><br \/>\nBeinschinken-Bergk\u00e4se Omelette (3 Eier)<br \/>\nund Miso-Mayo \u20ac 12<\/p>\n<p><strong>Shakshuka<br \/>\n<\/strong>W\u00fcrzige Tomatensauce, Bio-Ei, Pita-Brot\u00a0 12<\/p>\n<p><strong>Topfen-Pancakes<\/strong><br \/>\nNougat, Haseln\u00fcsse\u00a0 8<\/p>\n<p><strong>Hafermilch-Porridge<\/strong><br \/>\n\u00c4pfel, Mandeln und Salzkaramell\u00a0 7<\/p>\n<p>Hausgemachte <strong>Zimtschnecke<\/strong>\u00a0 4,50<\/p>\n<\/div><\/div><\/div>\t\t\t\t<\/div>\n\t\t\t\t<\/div>\n\t\t\t\t<div class=\"elementor-element elementor-element-6b3521a6 elementor-widget-divider--view-line elementor-widget elementor-widget-divider\" data-id=\"6b3521a6\" data-element_type=\"widget\" data-e-type=\"widget\" data-widget_type=\"divider.default\">\n\t\t\t\t<div class=\"elementor-widget-container\">\n\t\t\t\t\t\t\t<div class=\"elementor-divider\">\n\t\t\t<span class=\"elementor-divider-separator\">\n\t\t\t\t\t\t<\/span>\n\t\t<\/div>\n\t\t\t\t\t\t<\/div>\n\t\t\t\t<\/div>\n\t\t\t\t<div class=\"elementor-element elementor-element-623da9a7 elementor-widget elementor-widget-jet-listing-dynamic-field\" data-id=\"623da9a7\" data-element_type=\"widget\" data-e-type=\"widget\" data-widget_type=\"jet-listing-dynamic-field.default\">\n\t\t\t\t<div class=\"elementor-widget-container\">\n\t\t\t\t\t<div class=\"jet-listing jet-listing-dynamic-field display-inline\"><div class=\"jet-listing-dynamic-field__inline-wrap\"><div class=\"jet-listing-dynamic-field__content\" ><p><b><i>Unser Natursauerteigbrot+Geb\u00e4ck beziehen wir von der B\u00e4ckerei Steiner\/Tulln<br \/>\nMit viel Liebe und Bio-Mehl gebacken!<br \/>\n<\/i><\/b><b><i><span class=\"Apple-converted-space\">Alle Preise inkl. Steuern und Abgaben in Euro!<br \/>\n<\/span><\/i><\/b>Bestellungsannahme Mo \u2013 Fr bis 11.30 Uhr! <i>Sa bis 15.00 Uhr!<\/i><\/p>\n<\/div><\/div><\/div>\t\t\t\t<\/div>\n\t\t\t\t<\/div>\n\t\t\t\t\t<\/div>\n\t\t<\/div>\n\t\t\t\t\t<\/div>\n\t\t<\/section>\n\t\t\t\t<\/div>\n\t\t","protected":false},"excerpt":{"rendered":"<p>FR\u00dcHST\u00dcCK Klassisches Handsemmel\u00a0 1,80\u00a0 Butterbrot\u00a0 2,40\u00a0 Schnittlauchbrot\u00a0 2,60 Butterbrot mit frischer Kresse\u00a0 2,60 | Gemischter Brotkorb\/Person\u00a0 2 Staud\u00b4s Marmelade\u00a0 1,80\u00a0 Honig\u00a0 2\u00a0 Portion Bio-Butter\u00a0 1,3 Eiergerichte Weiches Ei\u00a0 2 | 2 Spiegeleier\u00a0 4 | 2 Eier im Glas\u00a0 4 Eierspeise von 3 Eiern mit K\u00fcrbiskern\u00f6l\u00a0 6 Getr\u00fcffelte Eierspeise von 3 Eiern\u00a0 6 Eierspeise von 3 [&hellip;]<\/p>\n","protected":false},"author":1,"featured_media":0,"parent":0,"menu_order":0,"comment_status":"closed","ping_status":"closed","template":"elementor_header_footer","meta":{"footnotes":""},"class_list":["post-729","page","type-page","status-publish","hentry"],"_links":{"self":[{"href":"https:\/\/hansen.co.at\/en\/wp-json\/wp\/v2\/pages\/729","targetHints":{"allow":["GET"]}}],"collection":[{"href":"https:\/\/hansen.co.at\/en\/wp-json\/wp\/v2\/pages"}],"about":[{"href":"https:\/\/hansen.co.at\/en\/wp-json\/wp\/v2\/types\/page"}],"author":[{"embeddable":true,"href":"https:\/\/hansen.co.at\/en\/wp-json\/wp\/v2\/users\/1"}],"replies":[{"embeddable":true,"href":"https:\/\/hansen.co.at\/en\/wp-json\/wp\/v2\/comments?post=729"}],"version-history":[{"count":25,"href":"https:\/\/hansen.co.at\/en\/wp-json\/wp\/v2\/pages\/729\/revisions"}],"predecessor-version":[{"id":987,"href":"https:\/\/hansen.co.at\/en\/wp-json\/wp\/v2\/pages\/729\/revisions\/987"}],"wp:attachment":[{"href":"https:\/\/hansen.co.at\/en\/wp-json\/wp\/v2\/media?parent=729"}],"curies":[{"name":"wp","href":"https:\/\/api.w.org\/{rel}","templated":true}]}}