{"id":836,"date":"2021-09-28T17:28:43","date_gmt":"2021-09-28T17:28:43","guid":{"rendered":"https:\/\/hansen.co.at\/?page_id=836"},"modified":"2022-02-03T12:13:46","modified_gmt":"2022-02-03T12:13:46","slug":"impressum","status":"publish","type":"page","link":"https:\/\/hansen.co.at\/en\/impressum\/","title":{"rendered":"Imprint"},"content":{"rendered":"\t\t<div data-elementor-type=\"wp-page\" data-elementor-id=\"836\" class=\"elementor elementor-836\" data-elementor-post-type=\"page\">\n\t\t\t\t\t\t<section class=\"elementor-section elementor-top-section elementor-element elementor-element-6b8355c elementor-section-boxed elementor-section-height-default elementor-section-height-default\" data-id=\"6b8355c\" data-element_type=\"section\" data-e-type=\"section\" data-settings=\"{&quot;jet_parallax_layout_list&quot;:[{&quot;jet_parallax_layout_image&quot;:{&quot;url&quot;:&quot;&quot;,&quot;id&quot;:&quot;&quot;,&quot;size&quot;:&quot;&quot;},&quot;_id&quot;:&quot;7e50227&quot;,&quot;jet_parallax_layout_image_tablet&quot;:{&quot;url&quot;:&quot;&quot;,&quot;id&quot;:&quot;&quot;,&quot;size&quot;:&quot;&quot;},&quot;jet_parallax_layout_image_mobile&quot;:{&quot;url&quot;:&quot;&quot;,&quot;id&quot;:&quot;&quot;,&quot;size&quot;:&quot;&quot;},&quot;jet_parallax_layout_speed&quot;:{&quot;unit&quot;:&quot;%&quot;,&quot;size&quot;:50,&quot;sizes&quot;:[]},&quot;jet_parallax_layout_type&quot;:&quot;scroll&quot;,&quot;jet_parallax_layout_direction&quot;:&quot;1&quot;,&quot;jet_parallax_layout_fx_direction&quot;:null,&quot;jet_parallax_layout_z_index&quot;:&quot;&quot;,&quot;jet_parallax_layout_bg_x&quot;:50,&quot;jet_parallax_layout_bg_x_tablet&quot;:&quot;&quot;,&quot;jet_parallax_layout_bg_x_mobile&quot;:&quot;&quot;,&quot;jet_parallax_layout_bg_y&quot;:50,&quot;jet_parallax_layout_bg_y_tablet&quot;:&quot;&quot;,&quot;jet_parallax_layout_bg_y_mobile&quot;:&quot;&quot;,&quot;jet_parallax_layout_bg_size&quot;:&quot;auto&quot;,&quot;jet_parallax_layout_bg_size_tablet&quot;:&quot;&quot;,&quot;jet_parallax_layout_bg_size_mobile&quot;:&quot;&quot;,&quot;jet_parallax_layout_animation_prop&quot;:&quot;transform&quot;,&quot;jet_parallax_layout_on&quot;:[&quot;desktop&quot;,&quot;tablet&quot;]}]}\">\n\t\t\t\t\t\t<div class=\"elementor-container elementor-column-gap-default\">\n\t\t\t\t\t<div class=\"elementor-column elementor-col-100 elementor-top-column elementor-element elementor-element-034e43a\" data-id=\"034e43a\" data-element_type=\"column\" data-e-type=\"column\">\n\t\t\t<div class=\"elementor-widget-wrap elementor-element-populated\">\n\t\t\t\t\t\t<div class=\"elementor-element elementor-element-cea5442 elementor-widget elementor-widget-text-editor\" data-id=\"cea5442\" data-element_type=\"widget\" data-e-type=\"widget\" data-widget_type=\"text-editor.default\">\n\t\t\t\t<div class=\"elementor-widget-container\">\n\t\t\t\t\t\t\t\t\t<h1 class=\"adsimple-221086760\">Impressum<\/h1><p class=\"adsimple-221086760\">Informationspflicht laut \u00a75 E-Commerce Gesetz, \u00a714 Unternehmensgesetzbuch, \u00a763 Gewerbeordnung und Offenlegungspflicht laut \u00a725 Mediengesetz.<\/p><p class=\"adsimple-221086760\">Leopold Doppler Ges.m.b.H. (Restaurant Hansen)<br \/>Wipplingerstra\u00dfe 34, <br \/>1010 Wien, <br \/>\u00d6sterreich<\/p><p class=\"adsimple-221086760\"><strong>Unternehmensgegenstand:<\/strong> Restaurant<br \/><strong>UID-Nummer:<\/strong> ATU51132705<br \/><strong>Firmenbuchnummer:<\/strong> 202425i<br \/><strong>Firmenbuchgericht:<\/strong> Wien<br \/><strong>Firmensitz:<\/strong> Wien<br \/><strong>\u00d6NACE-Code:<\/strong> I56.10-1<\/p><p class=\"adsimple-221086760\"><strong>Tel.:<\/strong> +43 1 532 05 42<br \/><strong>Fax:<\/strong> +43 1 532 05 42 <br \/><strong>E-Mail:<\/strong> <a href=\"mailto:restaurant@hansen.co.at\">restaurant@hansen.co.at<\/a><\/p><p class=\"adsimple-221086760\"><strong>Mitglied bei:<\/strong> WKO Wien<br \/><strong>Berufsrecht:<\/strong> Gewerbeordnung: www.ris.bka.gv.at<\/p><p class=\"adsimple-221086760\"><strong>Aufsichtsbeh\u00f6rde\/Gewerbebeh\u00f6rde:<\/strong> BG Wien<br \/><strong>Berufsbezeichnung:<\/strong> Restaurant<br \/><strong>Verleihungsstaat:<\/strong> \u00d6sterreich<\/p><p class=\"adsimple-221086760\"><strong>Gesch\u00e4ftsf\u00fchrer<\/strong><br \/>Leopold Doppler<\/p><p><b>COPYRIGHTS\u00a0<\/b><\/p><p>Bilder: Claudia Prieler, Lehmann Fotographie<\/p><p>F\u00fcr alle Angaben auf dieser Website besteht Urheberrechtsschutz und Haftungsausschluss<span class=\"Apple-converted-space\">\u00a0<\/span><\/p><p><strong>DESIGN:<\/strong><\/p><p>Webdesign:<br \/>Harald Palma \/ <a href=\"https:\/\/palmadesign.at\/\" target=\"_blank\" rel=\"noopener\">Palmadesign.at<\/a><\/p><p><strong>RECHTLICHES:<\/strong><\/p><p><strong>Das HANSEN \/ Die Leopold Doppler GmbH.\u00a0<\/strong>betreibt diese Website rein zu Eigenwerbungszwecken und zur Verbesserung des \u00f6ffentlichen Zugangs zu Informationen \u00fcber Aufgabenbereiche, Angebote.<\/p><p><strong>Das HANSEN \/ Die Leopold Doppler GmbH.\u00a0<\/strong>\u00fcbernimmt f\u00fcr die Inhalte der Informationen auf dieser oder anderen Websites keine Haftung. Trotz unserer Bem\u00fchungen kann keine Gew\u00e4hr f\u00fcr die Aktualit\u00e4t und Richtigkeit dieser Informationen \u00fcbernommen werden. Soweit Fehler und Irrt\u00fcmer bekannt werden, werden diese so schnell wie m\u00f6glich korrigiert.<\/p><p>Vervielf\u00e4ltigungen (auch auf elektronische Weise) dieses Internet-Angebotes oder von Teilen desselben und deren Weitergabe sind gestattet, soweit f\u00fcr die Vervielf\u00e4ltigung selbst bzw. f\u00fcr die Weitergabe kein Entgelt oder keine sonstige Gegenleistung verlangt wird. Die Zurverf\u00fcgungstellung von Inhalten der Website auf anderen Websites ist nicht gestattet. Wir weisen daraufhin das bei Verletzung der Urheberrechte, sowie Rechten Dritter eine gerichtliche Verfolgung nicht ausgeschlossen werden kann.<\/p><p>Gerichtsstand ist Wien.<\/p>\t\t\t\t\t\t\t\t<\/div>\n\t\t\t\t<\/div>\n\t\t\t\t\t<\/div>\n\t\t<\/div>\n\t\t\t\t\t<\/div>\n\t\t<\/section>\n\t\t\t\t<\/div>\n\t\t","protected":false},"excerpt":{"rendered":"<p>Impressum Informationspflicht laut \u00a75 E-Commerce Gesetz, \u00a714 Unternehmensgesetzbuch, \u00a763 Gewerbeordnung und Offenlegungspflicht laut \u00a725 Mediengesetz. Leopold Doppler Ges.m.b.H. (Restaurant Hansen)Wipplingerstra\u00dfe 34, 1010 Wien, \u00d6sterreich Unternehmensgegenstand: RestaurantUID-Nummer: ATU51132705Firmenbuchnummer: 202425iFirmenbuchgericht: WienFirmensitz: Wien\u00d6NACE-Code: I56.10-1 Tel.: +43 1 532 05 42Fax: +43 1 532 05 42 E-Mail: restaurant@hansen.co.at Mitglied bei: WKO WienBerufsrecht: Gewerbeordnung: www.ris.bka.gv.at Aufsichtsbeh\u00f6rde\/Gewerbebeh\u00f6rde: BG WienBerufsbezeichnung: RestaurantVerleihungsstaat: \u00d6sterreich [&hellip;]<\/p>\n","protected":false},"author":1,"featured_media":0,"parent":0,"menu_order":0,"comment_status":"closed","ping_status":"closed","template":"","meta":{"footnotes":""},"class_list":["post-836","page","type-page","status-publish","hentry"],"_links":{"self":[{"href":"https:\/\/hansen.co.at\/en\/wp-json\/wp\/v2\/pages\/836","targetHints":{"allow":["GET"]}}],"collection":[{"href":"https:\/\/hansen.co.at\/en\/wp-json\/wp\/v2\/pages"}],"about":[{"href":"https:\/\/hansen.co.at\/en\/wp-json\/wp\/v2\/types\/page"}],"author":[{"embeddable":true,"href":"https:\/\/hansen.co.at\/en\/wp-json\/wp\/v2\/users\/1"}],"replies":[{"embeddable":true,"href":"https:\/\/hansen.co.at\/en\/wp-json\/wp\/v2\/comments?post=836"}],"version-history":[{"count":16,"href":"https:\/\/hansen.co.at\/en\/wp-json\/wp\/v2\/pages\/836\/revisions"}],"predecessor-version":[{"id":1022,"href":"https:\/\/hansen.co.at\/en\/wp-json\/wp\/v2\/pages\/836\/revisions\/1022"}],"wp:attachment":[{"href":"https:\/\/hansen.co.at\/en\/wp-json\/wp\/v2\/media?parent=836"}],"curies":[{"name":"wp","href":"https:\/\/api.w.org\/{rel}","templated":true}]}}