{"id":841,"date":"2021-09-28T17:30:31","date_gmt":"2021-09-28T17:30:31","guid":{"rendered":"https:\/\/hansen.co.at\/?page_id=841"},"modified":"2021-09-28T17:40:14","modified_gmt":"2021-09-28T17:40:14","slug":"datenschutz","status":"publish","type":"page","link":"https:\/\/hansen.co.at\/en\/datenschutz\/","title":{"rendered":"Data protection"},"content":{"rendered":"\t\t<div data-elementor-type=\"wp-page\" data-elementor-id=\"841\" class=\"elementor elementor-841\" data-elementor-post-type=\"page\">\n\t\t\t\t\t\t<section class=\"elementor-section elementor-top-section elementor-element elementor-element-bb75c85 elementor-section-boxed elementor-section-height-default elementor-section-height-default\" data-id=\"bb75c85\" data-element_type=\"section\" data-e-type=\"section\" data-settings=\"{&quot;jet_parallax_layout_list&quot;:[{&quot;jet_parallax_layout_image&quot;:{&quot;url&quot;:&quot;&quot;,&quot;id&quot;:&quot;&quot;,&quot;size&quot;:&quot;&quot;},&quot;_id&quot;:&quot;20e126c&quot;,&quot;jet_parallax_layout_image_tablet&quot;:{&quot;url&quot;:&quot;&quot;,&quot;id&quot;:&quot;&quot;,&quot;size&quot;:&quot;&quot;},&quot;jet_parallax_layout_image_mobile&quot;:{&quot;url&quot;:&quot;&quot;,&quot;id&quot;:&quot;&quot;,&quot;size&quot;:&quot;&quot;},&quot;jet_parallax_layout_speed&quot;:{&quot;unit&quot;:&quot;%&quot;,&quot;size&quot;:50,&quot;sizes&quot;:[]},&quot;jet_parallax_layout_type&quot;:&quot;scroll&quot;,&quot;jet_parallax_layout_direction&quot;:&quot;1&quot;,&quot;jet_parallax_layout_fx_direction&quot;:null,&quot;jet_parallax_layout_z_index&quot;:&quot;&quot;,&quot;jet_parallax_layout_bg_x&quot;:50,&quot;jet_parallax_layout_bg_x_tablet&quot;:&quot;&quot;,&quot;jet_parallax_layout_bg_x_mobile&quot;:&quot;&quot;,&quot;jet_parallax_layout_bg_y&quot;:50,&quot;jet_parallax_layout_bg_y_tablet&quot;:&quot;&quot;,&quot;jet_parallax_layout_bg_y_mobile&quot;:&quot;&quot;,&quot;jet_parallax_layout_bg_size&quot;:&quot;auto&quot;,&quot;jet_parallax_layout_bg_size_tablet&quot;:&quot;&quot;,&quot;jet_parallax_layout_bg_size_mobile&quot;:&quot;&quot;,&quot;jet_parallax_layout_animation_prop&quot;:&quot;transform&quot;,&quot;jet_parallax_layout_on&quot;:[&quot;desktop&quot;,&quot;tablet&quot;]}]}\">\n\t\t\t\t\t\t<div class=\"elementor-container elementor-column-gap-default\">\n\t\t\t\t\t<div class=\"elementor-column elementor-col-100 elementor-top-column elementor-element elementor-element-f264460\" data-id=\"f264460\" data-element_type=\"column\" data-e-type=\"column\">\n\t\t\t<div class=\"elementor-widget-wrap elementor-element-populated\">\n\t\t\t\t\t\t<div class=\"elementor-element elementor-element-7c686cf elementor-widget elementor-widget-text-editor\" data-id=\"7c686cf\" data-element_type=\"widget\" data-e-type=\"widget\" data-widget_type=\"text-editor.default\">\n\t\t\t\t<div class=\"elementor-widget-container\">\n\t\t\t\t\t\t\t\t\t<h3><b>Datenschutzerkl\u00e4rung<br \/><\/b><\/h3><p>Wir nehmen den Schutz Ihrer personenbezogenen Daten sehr ernst. Wir m\u00f6chten, dass Sie wissen, wann wir welche Daten erheben und wie wir sie verwenden. Wir verarbeiten Ihre Daten ausschlie\u00dflich auf Grundlage der gesetzlichen Bestimmungen (DSGVO, Datenschutz-Anpassungsgesetz, TKG 2003). In dieser Datenschutzerkl\u00e4rung informieren wir Sie \u00fcber die wichtigsten Aspekte der Datenverarbeitung.<b><br \/><\/b><\/p><p>Im Zuge der Weiterentwicklung unserer Internet-Seiten und der Implementierung neuer Technologien k\u00f6nnte es auch zu \u00c4nderungen bei unserer Datenschutzerkl\u00e4rung kommen. Daher empfehlen wir Ihnen, sich diese Datenschutzerkl\u00e4rung ab und zu erneut durchzulesen.<\/p><p><b><br \/>Kontakt mit uns<br \/><\/b>Wenn Sie per Formular auf dieser Website, per eMail oder per Telefon Kontakt mit uns aufnehmen, werden Ihre angegebenen Daten zwecks Bearbeitung der Anfrage und f\u00fcr den Fall von Anschlussfragen f\u00fcr zwei Jahre von uns gespeichert. Diese Daten geben wir nicht ohne Ihre Einwilligung weiter.<\/p><p><b>Personenbezogene Daten erheben wir aus folgenden Gr\u00fcnden:<\/b><\/p><ul><li>Rechtsgrundlage Vertragserf\u00fcllung: Die von Ihnen bereit gestellten Daten sind zur Vertragserf\u00fcllung bzw. zur Durchf\u00fchrung vorvertraglicher Ma\u00dfnahmen erforderlich. Ohne diese Daten k\u00f6nnen wir den Vertrag mit Ihnen nicht abschlie\u00dfen. Beispiele f\u00fcr Gr\u00fcnde: Anfragen bearbeiten, Angebote &amp; Rechnungen erstellen<\/li><li>Rechtsgrundlage berechtigtes Interesse: Wir verarbeiten Daten \u00fcber Sie aufgrund unserer berechtigten Interessen (zB. CRM-System f\u00fcr effiziente und schnelle Bearbeitung der Nutzeranfragen, Google Analytics f\u00fcr Analyse, Optimierung und wirtschaftlichem Betrieb unseres Onlineangebotes).<\/li><li>Rechtsgrundlage Einwilligung: Sie haben uns Daten \u00fcber sich freiwillig zur Verf\u00fcgung gestellt und wir verarbeiten diese Daten auf Grundlage Ihrer Einwilligung. Beispiele f\u00fcr Gr\u00fcnde: Zustimmung zu Erhalt Newsletter oder Anmeldung zu einer Veranstaltung.\u00a0Sie k\u00f6nnen diese Einwilligung jederzeit widerrufen. Ein Widerruf hat zur Folge, dass wir Ihre Daten ab diesem Zeitpunkt zu oben genannten Zwecken nicht mehr verarbeiten. F\u00fcr einen Widerruf wenden Sie sich bitte an:\u00a0office@lago26.com<span class=\"Apple-converted-space\">\u00a0<\/span><\/li><\/ul><p>\u00a0<\/p><p><b>Speicherdauer\/L\u00f6schungsfrist<br \/><\/b>Die L\u00f6schung der gespeicherten personenbezogenen Daten erfolgt, wenn der Nutzer seine Zustimmung zur Speicherung widerruft oder wenn die Speicherung dieser Daten zur Erf\u00fcllung des gew\u00fcnschten Zwecks nicht mehr erforderlich ist.<\/p><p>Weiters ist die Dauer der Speicherung Ihrer Daten abh\u00e4ngig von gesetzlichen Bestimmungen und dem Anwendungsfall:<\/p><ul><li>Kontaktdaten aufgrund von Angebote und Rechnungen: 7 Jahre<\/li><li>Kontaktdaten aufgrund von Anfragen: 2 Jahre<\/li><li>Bewerbungen: 6 Monate<\/li><li>Google Analytics (bis zu 2 Jahre, abh\u00e4ngig von Art des Cookies (<a href=\"http:\/\/www.kthe.at\/de\/datenschutz\/#ganalytics\" target=\"_blank\" rel=\"noopener\">Details<\/a>)<\/li><li>Kontaktdaten aufgrund Newsletter und Einladungen zu Events: unlimitiert, da man sich jederzeit abmelden kann<\/li><\/ul><p>\u00a0<\/p><p><b>Auftragsverarbeiter<br \/><\/b>F\u00fcr unsere Datenverarbeitung ziehen wir Auftragsverarbeiter heran (zB. eMail- &amp; Webhoster, CRM-System, eMail-Newsletterversanddienst, Websitestatistiken, Steuerberater). Diese Auftragsverarbeiter sind zum strengen Schutz Ihrer personenbezogenen Daten verpflichtet und d\u00fcrfen Ihre personenbezogenen Daten zu keinem anderen Zweck als zur Bereitstellung unserer Dienste verarbeiten.<\/p><p><b>Sicherheitsma\u00dfnahmen<br \/><\/b>Wir treffen organisatorische, vertragliche und technische Sicherheitsma\u00dfnahmen entsprechend dem Stand der Technik, um sicherzustellen, dass die Vorschriften der Datenschutzgesetze eingehalten werden und um damit die durch uns verarbeiteten Daten gegen zuf\u00e4llige oder vors\u00e4tzliche Manipulationen, Verlust, Zerst\u00f6rung oder gegen den Zugriff unberechtigter Personen zu sch\u00fctzen.<\/p><p><b>Cookies<br \/><\/b>Cookies sind kleine Textdateien, die im Rahmen Ihres Besuchs unserer Internetseiten von unserem Webserver an Ihren Browser gesandt und von diesem auf Ihrem Ger\u00e4t gespeichert werden.<\/p><p><b>Folgende Cookies werden auf unserer Webseite gesetzt:<br \/><\/b>Google Analytics: Details siehe bitte weiter unten<\/p><p>ShareThis: protokolliert \u201eClick-Stream\u201c-Aktivit\u00e4ten, enth\u00e4lt nur dann personenbezogene Daten, wenn man ShareThis-Konto hat und aktiv angemeldet ist.<\/p><p>Falls Sie nicht m\u00f6chten, dass Cookies auf ihrem Rechner gespeichert werden, w\u00fcrden wir Sie bitten, die entsprechende Option in den Voreinstellungen Ihres Browsers zu deaktivieren. Gespeicherte Cookies k\u00f6nnen in den Einstellungen des Browsers gel\u00f6scht werden. Der Ausschluss von Cookies kann zu Funktionseinschr\u00e4nkungen dieses Onlineangebotes f\u00fchren.<\/p><p>\u00a0<\/p><p><b>Web-Analyse<br \/><\/b>Diese Website nutzt:<\/p><p><b>1. Website-Statistik<\/b><br \/>Wird von unserem Webhoster automatisch zur Verf\u00fcgung gestellt. Die Zugriffsstatistik enth\u00e4lt keine personenenbezogenen Daten, da die IP-Adressen der Websitebesucher anonymisiert werden.<\/p><p><b>2. Google Analytics<\/b><br \/>Wir setzen auf Grundlage unserer berechtigten Interessen (d.h. Interesse an der Analyse, Optimierung und wirtschaftlichem Betrieb unseres Onlineangebotes im Sinne des Art. 6 Abs. 1 lit. f. DSGVO) Google Analytics und Google Search Console, Webanalysedienste der Google LLC (\u201eGoogle\u201c) ein. Wir haben mit Google einen Vertrag zur Auftragsdatenverarbeitung abgeschlossen.<\/p><p>Google verwendet Cookies, die Informationen \u00fcber die Benutzung des Onlineangebotes durch die Nutzer erhebt und in der Regel an einen Server von Google in den USA \u00fcbertr\u00e4gt und dort speichert.<\/p><p>Die Cookies von Google haben folgende Speicherdauer: _utma 2 Jahre ab dem Aufruf, _utmb 30 Minuten ab dem Aufruf, _utmc bis Ende der Sitzung, _utmt 10 Minuten ab dem Aufruf, _utmz 12 Stunden ab dem Aufruf.<\/p><p>Mehr Informationen zum Umgang mit Nutzerdaten bei Google Analytics finden Sie in der Datenschutzerkl\u00e4rung von Google:\u00a0<a href=\"https:\/\/support.google.com\/analytics\/answer\/6004245?hl=de\" target=\"_blank\" rel=\"noopener\">support.google.com<\/a><\/p><p>Sie k\u00f6nnen die Erfassung der durch das Cookie erzeugten und auf Ihre Nutzung der Website bezogenen Daten an Google sowie die Verarbeitung dieser Daten durch Google verhindern, indem Sie folgendes Browser-Plugin herunterladen und installieren:\u00a0<a href=\"https:\/\/tools.google.com\/dlpage\/gaoptout?hl=de\" target=\"_blank\" rel=\"noopener\">tools.google.com<\/a><\/p><p>Alternativ k\u00f6nnen Sie die Erfassung Ihrer Daten durch Google Analytics verhindern, indem Sie auf folgenden Link klicken. Es wird ein Opt-Out-Cookie gesetzt, das die Erfassung Ihrer Daten bei zuk\u00fcnftigen Besuchen dieser Website verhindert: Google Analytics deaktivieren<\/p><p>Google ist unter dem Privacy-Shield-Abkommen zertifiziert und bietet hierdurch eine Garantie, das europ\u00e4ische Datenschutzrecht einzuhalten \u2013\u00a0<a href=\"https:\/\/www.privacyshield.gov\/participant?id=a2zt000000001L5AAI\" target=\"_blank\" rel=\"noopener\">www.privacyshield.gov<\/a><\/p><p><b>3. Webhoster IP-Adresse<\/b><br \/>Unser Webhoster verarbeitet zum Zweck der \u00dcberwachung der technischen Funktion und zur Erh\u00f6hung der Betriebssicherheit des Webservers auf Grundlage des \u00fcberwiegenden berechtigten Interesses des Verantwortlichen (technische Sicherheitsma\u00dfnahmen) folgende personenbezogene Daten in einem Server Log File:<\/p><p>Aufgerufene Webseite, Datum und Uhrzeit der Serveranfrage, Browsertyp \/ Browserversion, verwendetes Betriebssystem, \u00fcbertragene Datenmenge, Meldung \u00fcber erfolgreichen Abruf, Referrer URL, IP-Adresse, Hostname. Wir selbst haben keinen Zugriff auf die Logfiles.<\/p><p><b><br \/>Einbindung von Diensten und Inhalten Dritter<br \/><\/b>Wir setzen innerhalb unseres Onlineangebotes auf Grundlage unserer berechtigten Interessen (d.h. Interesse an der Analyse, Optimierung und wirtschaftlichem Betrieb unseres Onlineangebotes im Sinne des Art. 6 Abs. 1 lit. f. DSGVO) Inhalts- oder Serviceangebote von Drittanbietern ein, um deren Inhalte und Services, wie z.B. Videos oder Schriftarten einzubinden (nachfolgend einheitlich bezeichnet als \u201cInhalte\u201d). Dies setzt immer voraus, dass die Drittanbieter dieser Inhalte, die IP-Adresse der Nutzer wahrnehmen, da sie ohne die IP-Adresse die Inhalte nicht an deren Browser senden k\u00f6nnten. Die IP-Adresse ist damit f\u00fcr die Darstellung dieser Inhalte erforderlich. Wir bem\u00fchen uns nur solche Inhalte zu verwenden, deren jeweilige Anbieter die IP-Adresse lediglich zur Auslieferung der Inhalte verwenden.<\/p><p>Die nachfolgende Darstellung bietet eine \u00dcbersicht von Drittanbietern sowie ihrer Inhalte, nebst Links zu deren Datenschutzerkl\u00e4rungen, welche weitere Hinweise zur Verarbeitung von Daten und, z.T. bereits hier genannt, Widerspruchsm\u00f6glichkeiten (sog. Opt-Out) enthalten:<\/p>\t\t\t\t\t\t\t\t<\/div>\n\t\t\t\t<\/div>\n\t\t\t\t\t<\/div>\n\t\t<\/div>\n\t\t\t\t\t<\/div>\n\t\t<\/section>\n\t\t\t\t<\/div>\n\t\t","protected":false},"excerpt":{"rendered":"<p>Datenschutzerkl\u00e4rung Wir nehmen den Schutz Ihrer personenbezogenen Daten sehr ernst. Wir m\u00f6chten, dass Sie wissen, wann wir welche Daten erheben und wie wir sie verwenden. Wir verarbeiten Ihre Daten ausschlie\u00dflich auf Grundlage der gesetzlichen Bestimmungen (DSGVO, Datenschutz-Anpassungsgesetz, TKG 2003). In dieser Datenschutzerkl\u00e4rung informieren wir Sie \u00fcber die wichtigsten Aspekte der Datenverarbeitung. Im Zuge der Weiterentwicklung [&hellip;]<\/p>\n","protected":false},"author":1,"featured_media":0,"parent":0,"menu_order":0,"comment_status":"closed","ping_status":"closed","template":"","meta":{"footnotes":""},"class_list":["post-841","page","type-page","status-publish","hentry"],"_links":{"self":[{"href":"https:\/\/hansen.co.at\/en\/wp-json\/wp\/v2\/pages\/841","targetHints":{"allow":["GET"]}}],"collection":[{"href":"https:\/\/hansen.co.at\/en\/wp-json\/wp\/v2\/pages"}],"about":[{"href":"https:\/\/hansen.co.at\/en\/wp-json\/wp\/v2\/types\/page"}],"author":[{"embeddable":true,"href":"https:\/\/hansen.co.at\/en\/wp-json\/wp\/v2\/users\/1"}],"replies":[{"embeddable":true,"href":"https:\/\/hansen.co.at\/en\/wp-json\/wp\/v2\/comments?post=841"}],"version-history":[{"count":4,"href":"https:\/\/hansen.co.at\/en\/wp-json\/wp\/v2\/pages\/841\/revisions"}],"predecessor-version":[{"id":855,"href":"https:\/\/hansen.co.at\/en\/wp-json\/wp\/v2\/pages\/841\/revisions\/855"}],"wp:attachment":[{"href":"https:\/\/hansen.co.at\/en\/wp-json\/wp\/v2\/media?parent=841"}],"curies":[{"name":"wp","href":"https:\/\/api.w.org\/{rel}","templated":true}]}}